{"id":3367,"date":"2025-04-11T15:37:43","date_gmt":"2025-04-11T13:37:43","guid":{"rendered":"https:\/\/www.energija-projektiranje.eu\/?page_id=3367"},"modified":"2025-04-23T10:41:24","modified_gmt":"2025-04-23T08:41:24","slug":"ghiv","status":"publish","type":"page","link":"https:\/\/www.energija-projektiranje.eu\/?page_id=3367","title":{"rendered":"HVAC"},"content":{"rendered":"\t\t<div data-elementor-type=\"wp-page\" data-elementor-id=\"3367\" class=\"elementor elementor-3367\">\n\t\t\t\t\t\t<section class=\"elementor-section elementor-top-section elementor-element elementor-element-3447f83 elementor-section-height-min-height elementor-section-full_width elementor-section-height-default elementor-section-items-middle\" data-id=\"3447f83\" data-element_type=\"section\" data-e-type=\"section\" data-settings=\"{&quot;background_background&quot;:&quot;classic&quot;}\">\n\t\t\t\t\t\t\t<div class=\"elementor-background-overlay\"><\/div>\n\t\t\t\t\t\t\t<div class=\"elementor-container elementor-column-gap-default\">\n\t\t\t\t\t<div class=\"elementor-column elementor-col-100 elementor-top-column elementor-element elementor-element-b3a35f8\" data-id=\"b3a35f8\" data-element_type=\"column\" data-e-type=\"column\">\n\t\t\t<div class=\"elementor-widget-wrap elementor-element-populated\">\n\t\t\t\t\t\t<div class=\"elementor-element elementor-element-32eb271 elementor-widget elementor-widget-heading\" data-id=\"32eb271\" data-element_type=\"widget\" data-e-type=\"widget\" data-widget_type=\"heading.default\">\n\t\t\t\t<div class=\"elementor-widget-container\">\n\t\t\t\t\t<h1 class=\"elementor-heading-title elementor-size-xxl\">HVac<\/h1>\t\t\t\t<\/div>\n\t\t\t\t<\/div>\n\t\t\t\t\t<\/div>\n\t\t<\/div>\n\t\t\t\t\t<\/div>\n\t\t<\/section>\n\t\t\t\t<section class=\"elementor-section elementor-top-section elementor-element elementor-element-460970c elementor-section-boxed elementor-section-height-default elementor-section-height-default\" data-id=\"460970c\" data-element_type=\"section\" data-e-type=\"section\">\n\t\t\t\t\t\t<div class=\"elementor-container elementor-column-gap-wide\">\n\t\t\t\t\t<div class=\"elementor-column elementor-col-50 elementor-top-column elementor-element elementor-element-21f68a6\" data-id=\"21f68a6\" data-element_type=\"column\" data-e-type=\"column\">\n\t\t\t<div class=\"elementor-widget-wrap elementor-element-populated\">\n\t\t\t\t\t\t<div class=\"elementor-element elementor-element-670e6d2 elementor-widget elementor-widget-image\" data-id=\"670e6d2\" data-element_type=\"widget\" data-e-type=\"widget\" data-widget_type=\"image.default\">\n\t\t\t\t<div class=\"elementor-widget-container\">\n\t\t\t\t\t\t\t\t\t\t\t\t\t\t\t<img fetchpriority=\"high\" decoding=\"async\" width=\"1024\" height=\"683\" src=\"https:\/\/www.energija-projektiranje.eu\/wp-content\/uploads\/2023\/03\/pexels-sharath-g-2251247-1024x683.jpg\" class=\"attachment-large size-large wp-image-2066\" alt=\"\" srcset=\"https:\/\/www.energija-projektiranje.eu\/wp-content\/uploads\/2023\/03\/pexels-sharath-g-2251247-1024x683.jpg 1024w, https:\/\/www.energija-projektiranje.eu\/wp-content\/uploads\/2023\/03\/pexels-sharath-g-2251247-300x200.jpg 300w, https:\/\/www.energija-projektiranje.eu\/wp-content\/uploads\/2023\/03\/pexels-sharath-g-2251247-768x512.jpg 768w, https:\/\/www.energija-projektiranje.eu\/wp-content\/uploads\/2023\/03\/pexels-sharath-g-2251247-1536x1024.jpg 1536w, https:\/\/www.energija-projektiranje.eu\/wp-content\/uploads\/2023\/03\/pexels-sharath-g-2251247-2048x1365.jpg 2048w\" sizes=\"(max-width: 1024px) 100vw, 1024px\" \/>\t\t\t\t\t\t\t\t\t\t\t\t\t\t\t<\/div>\n\t\t\t\t<\/div>\n\t\t\t\t\t<\/div>\n\t\t<\/div>\n\t\t\t\t<div class=\"elementor-column elementor-col-50 elementor-top-column elementor-element elementor-element-bc42c60\" data-id=\"bc42c60\" data-element_type=\"column\" data-e-type=\"column\">\n\t\t\t<div class=\"elementor-widget-wrap elementor-element-populated\">\n\t\t\t\t\t\t<div class=\"elementor-element elementor-element-0073403 elementor-widget elementor-widget-heading\" data-id=\"0073403\" data-element_type=\"widget\" data-e-type=\"widget\" data-widget_type=\"heading.default\">\n\t\t\t\t<div class=\"elementor-widget-container\">\n\t\t\t\t\t<h2 class=\"elementor-heading-title elementor-size-default\">HVAc<\/h2>\t\t\t\t<\/div>\n\t\t\t\t<\/div>\n\t\t\t\t<div class=\"elementor-element elementor-element-60241e2 elementor-widget elementor-widget-text-editor\" data-id=\"60241e2\" data-element_type=\"widget\" data-e-type=\"widget\" data-widget_type=\"text-editor.default\">\n\t\t\t\t<div class=\"elementor-widget-container\">\n\t\t\t\t\t\t\t\t\t<p class=\"\" data-start=\"119\" data-end=\"587\"><strong data-start=\"119\" data-end=\"149\">Projektiranje HVAC sustava<\/strong><br data-start=\"149\" data-end=\"152\" \/>Na\u0161 pristup HVAC projektiranju temelji se na uskoj suradnji s arhitektima kako bismo osigurali optimalnu funkcionalnost prostora bez kompromisa na estetici i dizajnu. Svaki sustav prilago\u0111avamo specifi\u010dnostima projekta, uzimaju\u0107i u obzir energetski u\u010dinkovit rad, odr\u017eivost i ugodu korisnika. Fokusiramo se na diskretna tehni\u010dka rje\u0161enja koja se lako integriraju u arhitektonski koncept, bez naru\u0161avanja vizualnog identiteta objekta.<\/p><p data-start=\"119\" data-end=\"587\">\u00a0<\/p><p class=\"\" data-start=\"589\" data-end=\"856\">Projektiramo od manjih stambenih jedinica do velikih poslovnih, industrijskih i javnih zgrada, neovisno o veli\u010dini ili namjeni. Svakom projektu pristupamo individualno, osiguravaju\u0107i pouzdana i dugoro\u010dna rje\u0161enja u skladu s najvi\u0161im standardima struke.<\/p>\t\t\t\t\t\t\t\t<\/div>\n\t\t\t\t<\/div>\n\t\t\t\t\t<\/div>\n\t\t<\/div>\n\t\t\t\t\t<\/div>\n\t\t<\/section>\n\t\t\t\t<section class=\"elementor-section elementor-top-section elementor-element elementor-element-cde0efe elementor-section-content-middle elementor-section-boxed elementor-section-height-default elementor-section-height-default\" data-id=\"cde0efe\" data-element_type=\"section\" data-e-type=\"section\" data-settings=\"{&quot;background_background&quot;:&quot;classic&quot;}\">\n\t\t\t\t\t\t\t<div class=\"elementor-background-overlay\"><\/div>\n\t\t\t\t\t\t\t<div class=\"elementor-container elementor-column-gap-default\">\n\t\t\t\t\t<div class=\"elementor-column elementor-col-100 elementor-top-column elementor-element elementor-element-9e830f0\" data-id=\"9e830f0\" data-element_type=\"column\" data-e-type=\"column\">\n\t\t\t<div class=\"elementor-widget-wrap elementor-element-populated\">\n\t\t\t\t\t\t<div class=\"elementor-element elementor-element-f4fa3b2 elementor-widget elementor-widget-heading\" data-id=\"f4fa3b2\" data-element_type=\"widget\" data-e-type=\"widget\" data-widget_type=\"heading.default\">\n\t\t\t\t<div class=\"elementor-widget-container\">\n\t\t\t\t\t<h2 class=\"elementor-heading-title elementor-size-default\">zanima vas projekt<\/h2>\t\t\t\t<\/div>\n\t\t\t\t<\/div>\n\t\t\t\t<div class=\"elementor-element elementor-element-f16dc33 elementor-widget elementor-widget-text-editor\" data-id=\"f16dc33\" data-element_type=\"widget\" data-e-type=\"widget\" data-widget_type=\"text-editor.default\">\n\t\t\t\t<div class=\"elementor-widget-container\">\n\t\t\t\t\t\t\t\t\t<p>Imate pitanja ili tra\u017eite nekog da vam napravi strojarski projekt?\u00a0<\/p><p>Slobodno nam se obratite putem elektroni\u010dke po\u0161te\u00a0<\/p><p>ili nas nazovite i mi \u0107emo vam odgovoriti u najkra\u0107em mogu\u0107em roku\u00a0\u00a0<\/p>\t\t\t\t\t\t\t\t<\/div>\n\t\t\t\t<\/div>\n\t\t\t\t<div class=\"elementor-element elementor-element-6ccc26d elementor-align-center elementor-widget elementor-widget-button\" data-id=\"6ccc26d\" data-element_type=\"widget\" data-e-type=\"widget\" data-widget_type=\"button.default\">\n\t\t\t\t<div class=\"elementor-widget-container\">\n\t\t\t\t\t\t\t\t\t<div class=\"elementor-button-wrapper\">\n\t\t\t\t\t<a class=\"elementor-button elementor-button-link elementor-size-sm\" href=\"https:\/\/www.energija-projektiranje.eu\/?page_id=16\">\n\t\t\t\t\t\t<span class=\"elementor-button-content-wrapper\">\n\t\t\t\t\t\t\t\t\t<span class=\"elementor-button-text\">kontaktiraj nas<\/span>\n\t\t\t\t\t<\/span>\n\t\t\t\t\t<\/a>\n\t\t\t\t<\/div>\n\t\t\t\t\t\t\t\t<\/div>\n\t\t\t\t<\/div>\n\t\t\t\t\t<\/div>\n\t\t<\/div>\n\t\t\t\t\t<\/div>\n\t\t<\/section>\n\t\t\t\t<\/div>\n\t\t","protected":false},"excerpt":{"rendered":"<p>HVac HVAc Projektiranje HVAC sustavaNa\u0161 pristup HVAC projektiranju temelji se na uskoj suradnji s arhitektima kako bismo osigurali optimalnu funkcionalnost prostora bez kompromisa na estetici i dizajnu. Svaki sustav prilago\u0111avamo specifi\u010dnostima projekta, uzimaju\u0107i u obzir energetski u\u010dinkovit rad, odr\u017eivost i ugodu korisnika. Fokusiramo se na diskretna tehni\u010dka rje\u0161enja koja se lako integriraju u arhitektonski koncept, [&hellip;]<\/p>\n","protected":false},"author":40,"featured_media":0,"parent":0,"menu_order":0,"comment_status":"closed","ping_status":"closed","template":"","meta":{"site-sidebar-layout":"no-sidebar","site-content-layout":"page-builder","ast-site-content-layout":"full-width-container","site-content-style":"unboxed","site-sidebar-style":"unboxed","ast-global-header-display":"","ast-banner-title-visibility":"","ast-main-header-display":"","ast-hfb-above-header-display":"","ast-hfb-below-header-display":"","ast-hfb-mobile-header-display":"","site-post-title":"disabled","ast-breadcrumbs-content":"","ast-featured-img":"disabled","footer-sml-layout":"","ast-disable-related-posts":"","theme-transparent-header-meta":"enabled","adv-header-id-meta":"","stick-header-meta":"","header-above-stick-meta":"","header-main-stick-meta":"","header-below-stick-meta":"","astra-migrate-meta-layouts":"set","ast-page-background-enabled":"default","ast-page-background-meta":{"desktop":{"background-color":"var(--ast-global-color-4)","background-image":"","background-repeat":"repeat","background-position":"center center","background-size":"auto","background-attachment":"scroll","background-type":"","background-media":"","overlay-type":"","overlay-color":"","overlay-opacity":"","overlay-gradient":""},"tablet":{"background-color":"","background-image":"","background-repeat":"repeat","background-position":"center center","background-size":"auto","background-attachment":"scroll","background-type":"","background-media":"","overlay-type":"","overlay-color":"","overlay-opacity":"","overlay-gradient":""},"mobile":{"background-color":"","background-image":"","background-repeat":"repeat","background-position":"center center","background-size":"auto","background-attachment":"scroll","background-type":"","background-media":"","overlay-type":"","overlay-color":"","overlay-opacity":"","overlay-gradient":""}},"ast-content-background-meta":{"desktop":{"background-color":"var(--ast-global-color-5)","background-image":"","background-repeat":"repeat","background-position":"center center","background-size":"auto","background-attachment":"scroll","background-type":"","background-media":"","overlay-type":"","overlay-color":"","overlay-opacity":"","overlay-gradient":""},"tablet":{"background-color":"var(--ast-global-color-5)","background-image":"","background-repeat":"repeat","background-position":"center center","background-size":"auto","background-attachment":"scroll","background-type":"","background-media":"","overlay-type":"","overlay-color":"","overlay-opacity":"","overlay-gradient":""},"mobile":{"background-color":"var(--ast-global-color-5)","background-image":"","background-repeat":"repeat","background-position":"center center","background-size":"auto","background-attachment":"scroll","background-type":"","background-media":"","overlay-type":"","overlay-color":"","overlay-opacity":"","overlay-gradient":""}},"footnotes":""},"class_list":["post-3367","page","type-page","status-publish","hentry"],"_links":{"self":[{"href":"https:\/\/www.energija-projektiranje.eu\/index.php?rest_route=\/wp\/v2\/pages\/3367","targetHints":{"allow":["GET"]}}],"collection":[{"href":"https:\/\/www.energija-projektiranje.eu\/index.php?rest_route=\/wp\/v2\/pages"}],"about":[{"href":"https:\/\/www.energija-projektiranje.eu\/index.php?rest_route=\/wp\/v2\/types\/page"}],"author":[{"embeddable":true,"href":"https:\/\/www.energija-projektiranje.eu\/index.php?rest_route=\/wp\/v2\/users\/40"}],"replies":[{"embeddable":true,"href":"https:\/\/www.energija-projektiranje.eu\/index.php?rest_route=%2Fwp%2Fv2%2Fcomments&post=3367"}],"version-history":[{"count":0,"href":"https:\/\/www.energija-projektiranje.eu\/index.php?rest_route=\/wp\/v2\/pages\/3367\/revisions"}],"wp:attachment":[{"href":"https:\/\/www.energija-projektiranje.eu\/index.php?rest_route=%2Fwp%2Fv2%2Fmedia&parent=3367"}],"curies":[{"name":"wp","href":"https:\/\/api.w.org\/{rel}","templated":true}]}}